{"id":52,"date":"2022-11-23T08:51:42","date_gmt":"2022-11-23T11:51:42","guid":{"rendered":"http:\/\/www.agileway.org\/?page_id=52"},"modified":"2025-07-06T17:04:04","modified_gmt":"2025-07-06T20:04:04","slug":"politica-de-privacidade","status":"publish","type":"page","link":"https:\/\/agileway.org\/site\/politica-de-privacidade\/","title":{"rendered":"Pol\u00edtica de Privacidade"},"content":{"rendered":"<p>A Agileway.org entende e respeita a sua privacidade. Nossa pol\u00edtica de privacidade foi criada para esclarecer a voc\u00ea, o tipo de informa\u00e7\u00f5es pessoais que recebemos quando voc\u00ea acessas nossas p\u00e1ginas ou artigos. Esse esclarecimento o ajudar\u00e1 a se sentir seguro em nossa p\u00e1gina, visto que todas as informa\u00e7\u00f5es aqui coletadas s\u00e3o exclusivamente no sentido de estat\u00edsticas, n\u00e3o ficando qualquer dado pessoal armazenado em nosso banco de dados.<\/p>\n<h2 class=\"color-tx-blue shadow-titulo text-center\">SOBRE COOKIES ARMAZENADOS<\/h2>\n<p>Utilizamos cookies para armazenar informa\u00e7\u00e3o, tais como as suas prefer\u00eancias pessoais quando visita o nosso website. Isto poder\u00e1 incluir um simples popup, ou uma liga\u00e7\u00e3o em v\u00e1rios servi\u00e7os que providenciamos, tais como f\u00f3runs. A Google faz uso do novo DART cookie para servir an\u00fancios baseados nos seus interesses e na sua visita ao nosso blog e a outros endere\u00e7os na web. Poder\u00e1 optar por n\u00e3o utilizar o DART cookie visitando a p\u00e1gina de an\u00fancios Google ad e o programa de policiamento da empresa.<\/p>\n<h2 class=\"color-tx-blue shadow-titulo text-center\">INFORMA\u00c7\u00d5ES PESSOAIS<\/h2>\n<p>O site Agileway.org n\u00e3o armazena qualquer informa\u00e7\u00e3o pessoal sua, como nome, endere\u00e7o ou qualquer outro dado que possa identific\u00e1-lo fora da Web.<\/p>\n<p>O servidor da Agileway.org, armazena automaticamente o seu endere\u00e7o IP, Browser, Sistema Operacional, o idioma, a data e a URL utilizada para navega\u00e7\u00e3o (Esse procedimento \u00e9 padr\u00e3o e todos os blogs e sites da Internet o fazem automaticamente para fins estat\u00edsticos).<\/p>\n<h2 class=\"color-tx-blue shadow-titulo text-center\">USOS<\/h2>\n<p>A Agileway.org n\u00e3o utiliza qualquer dado coletado para fins comerciais. Os dados que coletamos, automaticamente, s\u00e3o utilizados \u00fanica e exclusivamente para fins de estat\u00edstica interna e, em hip\u00f3tese alguma, s\u00e3o divulgados em p\u00fablico.<\/p>\n<h2 class=\"color-tx-blue shadow-titulo text-center\">D\u00daVIDAS E ESCLARECIMENTOS<\/h2>\n<p>Em caso de permanecer alguma d\u00favida, ou desejar um esclarecimento mais aprofundado, favor entrar em contato pelo e-mail: <a href=\"mailto:contato@agileway.org\" style=\"color:#ff0052!important;font-weight:800;\">contato@agileway.org<\/a> ou em nossa p\u00e1gina de contato.<\/p>\n","protected":false},"excerpt":{"rendered":"<p>A Agileway.org entende e respeita a sua privacidade. Nossa pol\u00edtica de privacidade foi criada para esclarecer a voc\u00ea, o tipo de informa\u00e7\u00f5es pessoais que recebemos quando voc\u00ea acessas nossas p\u00e1ginas ou artigos. Esse esclarecimento o ajudar\u00e1 a se sentir seguro em nossa p\u00e1gina, visto que todas as informa\u00e7\u00f5es aqui coletadas s\u00e3o exclusivamente no sentido de [&hellip;]<\/p>\n","protected":false},"author":1,"featured_media":0,"parent":0,"menu_order":0,"comment_status":"closed","ping_status":"closed","template":"politica-de-privacidade.php","meta":{"_acf_changed":false,"footnotes":""},"class_list":["post-52","page","type-page","status-publish","hentry"],"acf":[],"_links":{"self":[{"href":"https:\/\/agileway.org\/site\/wp-json\/wp\/v2\/pages\/52","targetHints":{"allow":["GET"]}}],"collection":[{"href":"https:\/\/agileway.org\/site\/wp-json\/wp\/v2\/pages"}],"about":[{"href":"https:\/\/agileway.org\/site\/wp-json\/wp\/v2\/types\/page"}],"author":[{"embeddable":true,"href":"https:\/\/agileway.org\/site\/wp-json\/wp\/v2\/users\/1"}],"replies":[{"embeddable":true,"href":"https:\/\/agileway.org\/site\/wp-json\/wp\/v2\/comments?post=52"}],"version-history":[{"count":3,"href":"https:\/\/agileway.org\/site\/wp-json\/wp\/v2\/pages\/52\/revisions"}],"predecessor-version":[{"id":492,"href":"https:\/\/agileway.org\/site\/wp-json\/wp\/v2\/pages\/52\/revisions\/492"}],"wp:attachment":[{"href":"https:\/\/agileway.org\/site\/wp-json\/wp\/v2\/media?parent=52"}],"curies":[{"name":"wp","href":"https:\/\/api.w.org\/{rel}","templated":true}]}}